{"id":4305,"date":"2021-03-03T13:07:04","date_gmt":"2021-03-03T13:07:04","guid":{"rendered":"http:\/\/www.ficc.hr\/upravljacka-struktura-2-copy-copy\/"},"modified":"2024-01-19T21:12:50","modified_gmt":"2024-01-19T21:12:50","slug":"links","status":"publish","type":"page","link":"https:\/\/www.ficc.hr\/en\/links\/","title":{"rendered":"Linkovi"},"content":{"rendered":"<div data-elementor-type=\"wp-page\" data-elementor-id=\"4305\" class=\"elementor elementor-4305\">\n\t\t\t\t\t\t<section class=\"elementor-section elementor-top-section elementor-element elementor-element-a5248ee elementor-section-full_width elementor-section-height-min-height elementor-section-height-default elementor-section-items-middle\" data-id=\"a5248ee\" data-element_type=\"section\" data-e-type=\"section\" data-settings=\"{&quot;background_background&quot;:&quot;classic&quot;}\">\n\t\t\t\t\t\t\t<div class=\"elementor-background-overlay\"><\/div>\n\t\t\t\t\t\t\t<div class=\"elementor-container elementor-column-gap-no\">\n\t\t\t\t\t<div class=\"elementor-column elementor-col-100 elementor-top-column elementor-element elementor-element-d6119fe\" data-id=\"d6119fe\" data-element_type=\"column\" data-e-type=\"column\">\n\t\t\t<div class=\"elementor-widget-wrap elementor-element-populated\">\n\t\t\t\t\t\t<section class=\"elementor-section elementor-inner-section elementor-element elementor-element-a4ae138 elementor-section-boxed elementor-section-height-default elementor-section-height-default\" data-id=\"a4ae138\" data-element_type=\"section\" data-e-type=\"section\">\n\t\t\t\t\t\t<div class=\"elementor-container elementor-column-gap-default\">\n\t\t\t\t\t<div class=\"elementor-column elementor-col-100 elementor-inner-column elementor-element elementor-element-de38eed\" data-id=\"de38eed\" data-element_type=\"column\" data-e-type=\"column\">\n\t\t\t<div class=\"elementor-widget-wrap elementor-element-populated\">\n\t\t\t\t\t\t<div class=\"elementor-element elementor-element-a6737f3 elementor-widget elementor-widget-heading\" data-id=\"a6737f3\" data-element_type=\"widget\" data-e-type=\"widget\" data-widget_type=\"heading.default\">\n\t\t\t\t<div class=\"elementor-widget-container\">\n\t\t\t\t\t<h1 class=\"elementor-heading-title elementor-size-default\">LINKS<\/h1>\t\t\t\t<\/div>\n\t\t\t\t<\/div>\n\t\t\t\t\t<\/div>\n\t\t<\/div>\n\t\t\t\t\t<\/div>\n\t\t<\/section>\n\t\t\t\t\t<\/div>\n\t\t<\/div>\n\t\t\t\t\t<\/div>\n\t\t<\/section>\n\t\t\t\t<section class=\"elementor-section elementor-top-section elementor-element elementor-element-ddd271b elementor-section-height-min-height elementor-section-boxed elementor-section-height-default elementor-section-items-middle\" data-id=\"ddd271b\" data-element_type=\"section\" data-e-type=\"section\">\n\t\t\t\t\t\t<div class=\"elementor-container elementor-column-gap-no\">\n\t\t\t\t\t<div class=\"elementor-column elementor-col-100 elementor-top-column elementor-element elementor-element-92e0bff\" data-id=\"92e0bff\" data-element_type=\"column\" data-e-type=\"column\">\n\t\t\t<div class=\"elementor-widget-wrap elementor-element-populated\">\n\t\t\t\t\t\t<section class=\"elementor-section elementor-inner-section elementor-element elementor-element-135f384 elementor-section-boxed elementor-section-height-default elementor-section-height-default\" data-id=\"135f384\" data-element_type=\"section\" data-e-type=\"section\">\n\t\t\t\t\t\t<div class=\"elementor-container elementor-column-gap-default\">\n\t\t\t\t\t<div class=\"elementor-column elementor-col-100 elementor-inner-column elementor-element elementor-element-7ac659a\" data-id=\"7ac659a\" data-element_type=\"column\" data-e-type=\"column\">\n\t\t\t<div class=\"elementor-widget-wrap elementor-element-populated\">\n\t\t\t\t\t\t<div class=\"elementor-element elementor-element-e78de1c elementor-widget elementor-widget-text-editor\" data-id=\"e78de1c\" data-element_type=\"widget\" data-e-type=\"widget\" data-widget_type=\"text-editor.default\">\n\t\t\t\t<div class=\"elementor-widget-container\">\n\t\t\t\t\t\t\t\t\t<div><div>WORLD<\/div><\/div>\t\t\t\t\t\t\t\t<\/div>\n\t\t\t\t<\/div>\n\t\t\t\t<div class=\"elementor-element elementor-element-fb51846 elementor-widget elementor-widget-text-editor\" data-id=\"fb51846\" data-element_type=\"widget\" data-e-type=\"widget\" data-widget_type=\"text-editor.default\">\n\t\t\t\t<div class=\"elementor-widget-container\">\n\t\t\t\t\t\t\t\t\t<div class=\"entry-content clear\"><div class=\"entry-content clear\"><p><a href=\"http:\/\/www.weforum.org\" target=\"_blank\" rel=\"noopener\">World Economic Forum<\/a><\/p><p><a href=\"https:\/\/www.worldbank.org\/en\/home\" target=\"_blank\" rel=\"noopener\">World Bank<\/a><\/p><p><a href=\"http:\/\/unctad.org\" target=\"_blank\" rel=\"noopener\">UNCTAD<\/a><\/p><p><a href=\"http:\/\/oecd.org\" target=\"_blank\" rel=\"noopener\">OECD<\/a><\/p><\/div><\/div>\t\t\t\t\t\t\t\t<\/div>\n\t\t\t\t<\/div>\n\t\t\t\t<div class=\"elementor-element elementor-element-eb51ebd elementor-widget elementor-widget-text-editor\" data-id=\"eb51ebd\" data-element_type=\"widget\" data-e-type=\"widget\" data-widget_type=\"text-editor.default\">\n\t\t\t\t<div class=\"elementor-widget-container\">\n\t\t\t\t\t\t\t\t\t<div><div>EU<\/div><\/div>\t\t\t\t\t\t\t\t<\/div>\n\t\t\t\t<\/div>\n\t\t\t\t<div class=\"elementor-element elementor-element-3ab22dc elementor-widget elementor-widget-text-editor\" data-id=\"3ab22dc\" data-element_type=\"widget\" data-e-type=\"widget\" data-widget_type=\"text-editor.default\">\n\t\t\t\t<div class=\"elementor-widget-container\">\n\t\t\t\t\t\t\t\t\t<div class=\"entry-content clear\"><div class=\"entry-content clear\"><p><a href=\"https:\/\/commission.europa.eu\/\" target=\"_blank\" rel=\"noopener\">European Union<\/a><\/p><p><a href=\"https:\/\/ec.europa.eu\/eurostat\/web\/main\/home\" target=\"_blank\" rel=\"noopener\">Eurostat<\/a><\/p><\/div><\/div>\t\t\t\t\t\t\t\t<\/div>\n\t\t\t\t<\/div>\n\t\t\t\t<div class=\"elementor-element elementor-element-77e2499 elementor-widget elementor-widget-text-editor\" data-id=\"77e2499\" data-element_type=\"widget\" data-e-type=\"widget\" data-widget_type=\"text-editor.default\">\n\t\t\t\t<div class=\"elementor-widget-container\">\n\t\t\t\t\t\t\t\t\t<div>CROATIA<\/div>\t\t\t\t\t\t\t\t<\/div>\n\t\t\t\t<\/div>\n\t\t\t\t<div class=\"elementor-element elementor-element-2cd564a elementor-widget elementor-widget-text-editor\" data-id=\"2cd564a\" data-element_type=\"widget\" data-e-type=\"widget\" data-widget_type=\"text-editor.default\">\n\t\t\t\t<div class=\"elementor-widget-container\">\n\t\t\t\t\t\t\t\t\t<div class=\"entry-content clear\"><div class=\"entry-content clear\"><p><a href=\"http:\/\/predsjednik.hr\" target=\"_blank\" rel=\"noopener\">President of the Republic of Croatia<\/a><\/p><p><a href=\"http:\/\/sabor.hr\" target=\"_blank\" rel=\"noopener\">Croatian Parliament<\/a><\/p><p><a href=\"http:\/\/www.vlada.hr\" target=\"_blank\" rel=\"noopener\">Government of the Republic of Croatia<\/a><\/p><p><a href=\"http:\/\/www.mingor.gov.hr\" target=\"_blank\" rel=\"noopener\">Ministry of Economy and Sustainable Development<\/a><\/p><p><a href=\"http:\/\/www.mfin.gov.hr\" target=\"_blank\" rel=\"noopener\">Ministry of Finance<\/a><\/p><p><a href=\"http:\/\/www.mpu.gov.hr\" target=\"_blank\" rel=\"noopener\">Ministry of Justice and Public Administration<\/a><\/p><p><a href=\"http:\/\/www.mpgi.gov.hr\" target=\"_blank\" rel=\"noopener\">Ministry of Physical Planning, Construction and State Assets<\/a><\/p><p><a href=\"http:\/\/www.mint.gov.hr\" target=\"_blank\" rel=\"noopener\">Ministry of Tourism and Sport<\/a><\/p><p><a href=\"http:\/\/www.mmpi.hr\" target=\"_blank\" rel=\"noopener\">Ministry of the Sea, Transport and Infrastructure<\/a><\/p><p><a href=\"http:\/\/www.razvoj.gov.hr\" target=\"_blank\" rel=\"noopener\">Ministry of Regional Development and EU Funds<\/a><\/p><p><a href=\"http:\/\/www.mvep.gov.hr\" target=\"_blank\" rel=\"noopener\">Ministry of the Foreign and European Affairs<\/a><\/p><p><a href=\"http:\/\/www.hgk.hr\" target=\"_blank\" rel=\"noopener\">Croatian Chamber of Commerce<\/a><\/p><p><a href=\"http:\/\/www.zagrebacka-zupanija.hr\">Zagreb County<\/a><\/p><p><a href=\"http:\/\/www.pczz.hr\" target=\"_blank\" rel=\"noopener\">Entrepreneurial center of Zagreb County<\/a><\/p><p><a href=\"http:\/\/kzz.hr\" target=\"_blank\" rel=\"noopener\">Krapina Zagorje County<\/a><\/p><p><a href=\"https:\/\/investinzagorje.hr\/\" target=\"_blank\" rel=\"noopener\">Invest in Zagorje<\/a><\/p><p style=\"font-size: 16px; font-style: normal; font-weight: 400;\"><a href=\"http:\/\/istra-istria.hr\" target=\"_blank\" rel=\"noopener\">Istria County<\/a><\/p><p><a href=\"http:\/\/ida.hr\" target=\"_blank\" rel=\"noopener\">Istria Development Agency<\/a><\/p><\/div><\/div>\t\t\t\t\t\t\t\t<\/div>\n\t\t\t\t<\/div>\n\t\t\t\t<div class=\"elementor-element elementor-element-eb399bc elementor-widget elementor-widget-text-editor\" data-id=\"eb399bc\" data-element_type=\"widget\" data-e-type=\"widget\" data-widget_type=\"text-editor.default\">\n\t\t\t\t<div class=\"elementor-widget-container\">\n\t\t\t\t\t\t\t\t\t<div><div>FIC NETWORK AND NEIGHBOURHOOD<\/div><\/div>\t\t\t\t\t\t\t\t<\/div>\n\t\t\t\t<\/div>\n\t\t\t\t<div class=\"elementor-element elementor-element-5312aa6 elementor-widget elementor-widget-text-editor\" data-id=\"5312aa6\" data-element_type=\"widget\" data-e-type=\"widget\" data-widget_type=\"text-editor.default\">\n\t\t\t\t<div class=\"elementor-widget-container\">\n\t\t\t\t\t\t\t\t\t<div class=\"entry-content clear\"><div class=\"entry-content clear\"><p><a href=\"https:\/\/fice.ee\/\" target=\"_blank\" rel=\"noopener\">FIC Estonia<\/a><\/p><p><a href=\"https:\/\/www.ficil.lv\/\" target=\"_blank\" rel=\"noopener\">FIC Latvia<\/a><\/p><p><a href=\"http:\/\/www.fic.org.rs\/cms\/item\/home\/en.html\" target=\"_blank\" rel=\"noopener\">FIC Serbia<\/a><\/p><p><a href=\"http:\/\/www.fic.ro\/\" target=\"_blank\" rel=\"noopener\">FIC Romania<\/a><\/p><p><a href=\"http:\/\/www.fic.ba\/\" target=\"_blank\" rel=\"noopener\">FIC Bosnia and Herzegovina<\/a><\/p><p><a href=\"https:\/\/fiaalbania.al\/\" target=\"_blank\" rel=\"noopener\">FIC Albania<\/a><\/p><p><a href=\"https:\/\/fic.mk\/default.aspx?mid=1&amp;lng=2\" target=\"_blank\" rel=\"noopener\">FIC North Macedonia<\/a><\/p><p><a href=\"https:\/\/www.yased.org.tr\/\" target=\"_blank\" rel=\"noopener\">FIC Turkey<\/a><\/p><p><a href=\"https:\/\/mfic.me\/\" target=\"_blank\" rel=\"noopener\">FIC Montenegro<\/a><\/p><p><a href=\"https:\/\/afi.cz\/en\" target=\"_blank\" rel=\"noopener\">FIC Czech Republic<\/a><\/p><p><a href=\"https:\/\/www.kvca.or.kr\/en\/contents\/fiic_mission.html?sm=7_1\" target=\"_blank\" rel=\"noopener\">FIC South Korea<\/a><\/p><p><a href=\"https:\/\/investorscouncil.uz\/\" target=\"_blank\" rel=\"noopener\">FIC Uzbekistan<\/a><\/p><p><a href=\"http:\/\/ficindia.in\/\" target=\"_blank\" rel=\"noopener\">FIC India<\/a><\/p><p><a href=\"https:\/\/fic.kz\/en\" target=\"_blank\" rel=\"noopener\">FIV Kazakhstan<\/a><\/p><p><a href=\"https:\/\/fia.md\/\" target=\"_blank\" rel=\"noopener\">FIC Moldova<\/a><\/p><p><a href=\"http:\/\/www.wbif.eu\" target=\"_blank\" rel=\"noopener\">West Balkans Investment Framework<\/a><\/p><\/div><\/div>\t\t\t\t\t\t\t\t<\/div>\n\t\t\t\t<\/div>\n\t\t\t\t\t<\/div>\n\t\t<\/div>\n\t\t\t\t\t<\/div>\n\t\t<\/section>\n\t\t\t\t\t<\/div>\n\t\t<\/div>\n\t\t\t\t\t<\/div>\n\t\t<\/section>\n\t\t\t\t<section class=\"elementor-section elementor-top-section elementor-element elementor-element-42997e2 elementor-section-boxed elementor-section-height-default elementor-section-height-default\" data-id=\"42997e2\" data-element_type=\"section\" data-e-type=\"section\">\n\t\t\t\t\t\t<div class=\"elementor-container elementor-column-gap-default\">\n\t\t\t\t\t<div class=\"elementor-column elementor-col-100 elementor-top-column elementor-element elementor-element-09acebf\" data-id=\"09acebf\" data-element_type=\"column\" data-e-type=\"column\">\n\t\t\t<div class=\"elementor-widget-wrap elementor-element-populated\">\n\t\t\t\t\t\t<section class=\"elementor-section elementor-inner-section elementor-element elementor-element-3fef965 elementor-section-boxed elementor-section-height-default elementor-section-height-default\" data-id=\"3fef965\" data-element_type=\"section\" data-e-type=\"section\">\n\t\t\t\t\t\t<div class=\"elementor-container elementor-column-gap-default\">\n\t\t\t\t\t<div class=\"elementor-column elementor-col-50 elementor-inner-column elementor-element elementor-element-c6eb8fc\" data-id=\"c6eb8fc\" data-element_type=\"column\" data-e-type=\"column\">\n\t\t\t<div class=\"elementor-widget-wrap\">\n\t\t\t\t\t\t\t<\/div>\n\t\t<\/div>\n\t\t\t\t<div class=\"elementor-column elementor-col-50 elementor-inner-column elementor-element elementor-element-6a1ed82\" data-id=\"6a1ed82\" data-element_type=\"column\" data-e-type=\"column\">\n\t\t\t<div class=\"elementor-widget-wrap\">\n\t\t\t\t\t\t\t<\/div>\n\t\t<\/div>\n\t\t\t\t\t<\/div>\n\t\t<\/section>\n\t\t\t\t\t<\/div>\n\t\t<\/div>\n\t\t\t\t\t<\/div>\n\t\t<\/section>\n\t\t\t\t<\/div>","protected":false},"excerpt":{"rendered":"<p>LINKOVI SVIJET Svjetski Ekonomski Forum Svjetska Banka UNCTAD OECD EU Europska Unija Eurostat HRVATSKA Predsjednik Republike Hrvatske Hrvatski Sabor Vlada Republike Hrvatske Ministarstvo gospodarstva i odr\u017eivog razvoja Ministarstvo financija Ministarstvo pravosu\u0111a i uprave Ministarstvo prostornog ure\u0111enja, graditeljstva i dr\u017eavne imovine Ministarstvo turizma i sporta Ministarstvo mora, prometa i infrastrukture Ministarstvo regionalnog razvoja i fondova Europske [&hellip;]<\/p>\n","protected":false},"author":2,"featured_media":0,"parent":0,"menu_order":9,"comment_status":"closed","ping_status":"closed","template":"","meta":{"site-sidebar-layout":"no-sidebar","site-content-layout":"page-builder","ast-site-content-layout":"full-width-container","site-content-style":"unboxed","site-sidebar-style":"unboxed","ast-global-header-display":"","ast-banner-title-visibility":"","ast-main-header-display":"","ast-hfb-above-header-display":"","ast-hfb-below-header-display":"","ast-hfb-mobile-header-display":"","site-post-title":"disabled","ast-breadcrumbs-content":"","ast-featured-img":"disabled","footer-sml-layout":"","ast-disable-related-posts":"","theme-transparent-header-meta":"default","adv-header-id-meta":"","stick-header-meta":"","header-above-stick-meta":"","header-main-stick-meta":"","header-below-stick-meta":"","astra-migrate-meta-layouts":"set","ast-page-background-enabled":"default","ast-page-background-meta":{"desktop":{"background-color":"","background-image":"","background-repeat":"repeat","background-position":"center center","background-size":"auto","background-attachment":"scroll","background-type":"","background-media":"","overlay-type":"","overlay-color":"","overlay-opacity":"","overlay-gradient":""},"tablet":{"background-color":"","background-image":"","background-repeat":"repeat","background-position":"center center","background-size":"auto","background-attachment":"scroll","background-type":"","background-media":"","overlay-type":"","overlay-color":"","overlay-opacity":"","overlay-gradient":""},"mobile":{"background-color":"","background-image":"","background-repeat":"repeat","background-position":"center center","background-size":"auto","background-attachment":"scroll","background-type":"","background-media":"","overlay-type":"","overlay-color":"","overlay-opacity":"","overlay-gradient":""}},"ast-content-background-meta":{"desktop":{"background-color":"var(--ast-global-color-5)","background-image":"","background-repeat":"repeat","background-position":"center center","background-size":"auto","background-attachment":"scroll","background-type":"","background-media":"","overlay-type":"","overlay-color":"","overlay-opacity":"","overlay-gradient":""},"tablet":{"background-color":"var(--ast-global-color-5)","background-image":"","background-repeat":"repeat","background-position":"center center","background-size":"auto","background-attachment":"scroll","background-type":"","background-media":"","overlay-type":"","overlay-color":"","overlay-opacity":"","overlay-gradient":""},"mobile":{"background-color":"var(--ast-global-color-5)","background-image":"","background-repeat":"repeat","background-position":"center center","background-size":"auto","background-attachment":"scroll","background-type":"","background-media":"","overlay-type":"","overlay-color":"","overlay-opacity":"","overlay-gradient":""}},"footnotes":""},"class_list":["post-4305","page","type-page","status-publish","hentry"],"_links":{"self":[{"href":"https:\/\/www.ficc.hr\/en\/wp-json\/wp\/v2\/pages\/4305","targetHints":{"allow":["GET"]}}],"collection":[{"href":"https:\/\/www.ficc.hr\/en\/wp-json\/wp\/v2\/pages"}],"about":[{"href":"https:\/\/www.ficc.hr\/en\/wp-json\/wp\/v2\/types\/page"}],"author":[{"embeddable":true,"href":"https:\/\/www.ficc.hr\/en\/wp-json\/wp\/v2\/users\/2"}],"replies":[{"embeddable":true,"href":"https:\/\/www.ficc.hr\/en\/wp-json\/wp\/v2\/comments?post=4305"}],"version-history":[{"count":92,"href":"https:\/\/www.ficc.hr\/en\/wp-json\/wp\/v2\/pages\/4305\/revisions"}],"predecessor-version":[{"id":7493,"href":"https:\/\/www.ficc.hr\/en\/wp-json\/wp\/v2\/pages\/4305\/revisions\/7493"}],"wp:attachment":[{"href":"https:\/\/www.ficc.hr\/en\/wp-json\/wp\/v2\/media?parent=4305"}],"curies":[{"name":"wp","href":"https:\/\/api.w.org\/{rel}","templated":true}]}}