{"id":4380,"date":"2021-03-04T12:56:10","date_gmt":"2021-03-04T12:56:10","guid":{"rendered":"http:\/\/www.ficc.hr\/about-us-2-copy\/"},"modified":"2021-03-24T19:21:46","modified_gmt":"2021-03-24T19:21:46","slug":"membership","status":"publish","type":"page","link":"https:\/\/www.ficc.hr\/en\/membership\/","title":{"rendered":"Membership"},"content":{"rendered":"<div data-elementor-type=\"wp-page\" data-elementor-id=\"4380\" class=\"elementor elementor-4380\">\n\t\t\t\t\t\t<section class=\"elementor-section elementor-top-section elementor-element elementor-element-a5248ee elementor-section-full_width elementor-section-height-min-height elementor-section-height-default elementor-section-items-middle\" data-id=\"a5248ee\" data-element_type=\"section\" data-e-type=\"section\" data-settings=\"{&quot;background_background&quot;:&quot;classic&quot;}\">\n\t\t\t\t\t\t\t<div class=\"elementor-background-overlay\"><\/div>\n\t\t\t\t\t\t\t<div class=\"elementor-container elementor-column-gap-no\">\n\t\t\t\t\t<div class=\"elementor-column elementor-col-100 elementor-top-column elementor-element elementor-element-d6119fe\" data-id=\"d6119fe\" data-element_type=\"column\" data-e-type=\"column\">\n\t\t\t<div class=\"elementor-widget-wrap elementor-element-populated\">\n\t\t\t\t\t\t<section class=\"elementor-section elementor-inner-section elementor-element elementor-element-a4ae138 elementor-section-boxed elementor-section-height-default elementor-section-height-default\" data-id=\"a4ae138\" data-element_type=\"section\" data-e-type=\"section\">\n\t\t\t\t\t\t<div class=\"elementor-container elementor-column-gap-default\">\n\t\t\t\t\t<div class=\"elementor-column elementor-col-100 elementor-inner-column elementor-element elementor-element-de38eed\" data-id=\"de38eed\" data-element_type=\"column\" data-e-type=\"column\">\n\t\t\t<div class=\"elementor-widget-wrap elementor-element-populated\">\n\t\t\t\t\t\t<div class=\"elementor-element elementor-element-a6737f3 elementor-widget elementor-widget-heading\" data-id=\"a6737f3\" data-element_type=\"widget\" data-e-type=\"widget\" data-widget_type=\"heading.default\">\n\t\t\t\t<div class=\"elementor-widget-container\">\n\t\t\t\t\t<h1 class=\"elementor-heading-title elementor-size-default\">MEMBERSHIP<\/h1>\t\t\t\t<\/div>\n\t\t\t\t<\/div>\n\t\t\t\t\t<\/div>\n\t\t<\/div>\n\t\t\t\t\t<\/div>\n\t\t<\/section>\n\t\t\t\t\t<\/div>\n\t\t<\/div>\n\t\t\t\t\t<\/div>\n\t\t<\/section>\n\t\t\t\t<section class=\"elementor-section elementor-top-section elementor-element elementor-element-ddd271b elementor-section-height-min-height elementor-section-boxed elementor-section-height-default elementor-section-items-middle\" data-id=\"ddd271b\" data-element_type=\"section\" data-e-type=\"section\">\n\t\t\t\t\t\t<div class=\"elementor-container elementor-column-gap-no\">\n\t\t\t\t\t<div class=\"elementor-column elementor-col-100 elementor-top-column elementor-element elementor-element-92e0bff\" data-id=\"92e0bff\" data-element_type=\"column\" data-e-type=\"column\">\n\t\t\t<div class=\"elementor-widget-wrap elementor-element-populated\">\n\t\t\t\t\t\t<section class=\"elementor-section elementor-inner-section elementor-element elementor-element-135f384 elementor-section-boxed elementor-section-height-default elementor-section-height-default\" data-id=\"135f384\" data-element_type=\"section\" data-e-type=\"section\">\n\t\t\t\t\t\t<div class=\"elementor-container elementor-column-gap-default\">\n\t\t\t\t\t<div class=\"elementor-column elementor-col-100 elementor-inner-column elementor-element elementor-element-7ac659a\" data-id=\"7ac659a\" data-element_type=\"column\" data-e-type=\"column\">\n\t\t\t<div class=\"elementor-widget-wrap elementor-element-populated\">\n\t\t\t\t\t\t<div class=\"elementor-element elementor-element-403b436 elementor-widget elementor-widget-text-editor\" data-id=\"403b436\" data-element_type=\"widget\" data-e-type=\"widget\" data-widget_type=\"text-editor.default\">\n\t\t\t\t<div class=\"elementor-widget-container\">\n\t\t\t\t\t\t\t\t\t<div class=\"entry-content clear\"><div class=\"entry-content clear\"><p>FIC welcomes companies and individuals who want to contribute to achieving the Council\u2019s objectives. By joining FIC, companies become part of a network of professionals whose main goal is to advocate advancement of the investment climate in Croatia.<\/p><p><strong>Regular members<\/strong><br \/>Any legal entity that accepts the goals and the Statute of the FIC and operates in accordance therewith can become a regular member of the Council. Each regular member can elect and be elected into the bodies of the FIC and participate in the activities of the Council.<\/p><p><strong>Honorary members<\/strong><br \/>Any person that contributes to the improvement of the work or accomplishment of objectives of FIC can become honorary member of the Council. Honorary members are appointed by the Board of Directors. Honorary members can be invited to participate in the work of the Council\u2019s bodies, but they cannot vote or be elected.<\/p><\/div><\/div>\t\t\t\t\t\t\t\t<\/div>\n\t\t\t\t<\/div>\n\t\t\t\t\t<\/div>\n\t\t<\/div>\n\t\t\t\t\t<\/div>\n\t\t<\/section>\n\t\t\t\t\t<\/div>\n\t\t<\/div>\n\t\t\t\t\t<\/div>\n\t\t<\/section>\n\t\t\t\t<\/div>","protected":false},"excerpt":{"rendered":"<p>\u010cLANSTVO Udru\u017eenje stranih ulaga\u010da u Hrvatskoj okuplja tvrtke i pojedince koji \u017eele pridonijeti ostvarenju ciljeva Udru\u017eenja. Ulaskom u Udru\u017eenje tvrtke postaju dio kruga stru\u010dnjaka \u010diji je glavni cilj zagovarati unapre\u0111enje investicijske klime u Hrvatskoj. Redovni \u010dlanovi Redovni \u010dlan mo\u017ee biti svaka pravna osoba koja prihva\u0107a ciljeve i Statut Udru\u017eenja i djeluje u skladu s njima. [&hellip;]<\/p>\n","protected":false},"author":2,"featured_media":0,"parent":0,"menu_order":7,"comment_status":"closed","ping_status":"closed","template":"","meta":{"site-sidebar-layout":"no-sidebar","site-content-layout":"page-builder","ast-site-content-layout":"default","site-content-style":"default","site-sidebar-style":"default","ast-global-header-display":"","ast-banner-title-visibility":"","ast-main-header-display":"","ast-hfb-above-header-display":"","ast-hfb-below-header-display":"","ast-hfb-mobile-header-display":"","site-post-title":"disabled","ast-breadcrumbs-content":"","ast-featured-img":"disabled","footer-sml-layout":"","ast-disable-related-posts":"","theme-transparent-header-meta":"default","adv-header-id-meta":"","stick-header-meta":"","header-above-stick-meta":"","header-main-stick-meta":"","header-below-stick-meta":"","astra-migrate-meta-layouts":"default","ast-page-background-enabled":"default","ast-page-background-meta":{"desktop":{"background-color":"","background-image":"","background-repeat":"repeat","background-position":"center center","background-size":"auto","background-attachment":"scroll","background-type":"","background-media":"","overlay-type":"","overlay-color":"","overlay-opacity":"","overlay-gradient":""},"tablet":{"background-color":"","background-image":"","background-repeat":"repeat","background-position":"center center","background-size":"auto","background-attachment":"scroll","background-type":"","background-media":"","overlay-type":"","overlay-color":"","overlay-opacity":"","overlay-gradient":""},"mobile":{"background-color":"","background-image":"","background-repeat":"repeat","background-position":"center center","background-size":"auto","background-attachment":"scroll","background-type":"","background-media":"","overlay-type":"","overlay-color":"","overlay-opacity":"","overlay-gradient":""}},"ast-content-background-meta":{"desktop":{"background-color":"var(--ast-global-color-5)","background-image":"","background-repeat":"repeat","background-position":"center center","background-size":"auto","background-attachment":"scroll","background-type":"","background-media":"","overlay-type":"","overlay-color":"","overlay-opacity":"","overlay-gradient":""},"tablet":{"background-color":"var(--ast-global-color-5)","background-image":"","background-repeat":"repeat","background-position":"center center","background-size":"auto","background-attachment":"scroll","background-type":"","background-media":"","overlay-type":"","overlay-color":"","overlay-opacity":"","overlay-gradient":""},"mobile":{"background-color":"var(--ast-global-color-5)","background-image":"","background-repeat":"repeat","background-position":"center center","background-size":"auto","background-attachment":"scroll","background-type":"","background-media":"","overlay-type":"","overlay-color":"","overlay-opacity":"","overlay-gradient":""}},"footnotes":""},"class_list":["post-4380","page","type-page","status-publish","hentry"],"_links":{"self":[{"href":"https:\/\/www.ficc.hr\/en\/wp-json\/wp\/v2\/pages\/4380","targetHints":{"allow":["GET"]}}],"collection":[{"href":"https:\/\/www.ficc.hr\/en\/wp-json\/wp\/v2\/pages"}],"about":[{"href":"https:\/\/www.ficc.hr\/en\/wp-json\/wp\/v2\/types\/page"}],"author":[{"embeddable":true,"href":"https:\/\/www.ficc.hr\/en\/wp-json\/wp\/v2\/users\/2"}],"replies":[{"embeddable":true,"href":"https:\/\/www.ficc.hr\/en\/wp-json\/wp\/v2\/comments?post=4380"}],"version-history":[{"count":9,"href":"https:\/\/www.ficc.hr\/en\/wp-json\/wp\/v2\/pages\/4380\/revisions"}],"predecessor-version":[{"id":5370,"href":"https:\/\/www.ficc.hr\/en\/wp-json\/wp\/v2\/pages\/4380\/revisions\/5370"}],"wp:attachment":[{"href":"https:\/\/www.ficc.hr\/en\/wp-json\/wp\/v2\/media?parent=4380"}],"curies":[{"name":"wp","href":"https:\/\/api.w.org\/{rel}","templated":true}]}}